{"id":3282,"date":"2024-06-06T11:21:10","date_gmt":"2024-06-06T09:21:10","guid":{"rendered":"https:\/\/lilycake.es\/?page_id=3282"},"modified":"2024-06-06T11:24:28","modified_gmt":"2024-06-06T09:24:28","slug":"politica-de-privacidad","status":"publish","type":"page","link":"https:\/\/lilycake.es\/en\/privacy-policy\/","title":{"rendered":"POL\u00cdTICA DE PRIVACIDAD"},"content":{"rendered":"<div data-elementor-type=\"wp-page\" data-elementor-id=\"3282\" class=\"elementor elementor-3282\" data-elementor-post-type=\"page\">\n\t\t\t\t<div class=\"elementor-element elementor-element-403dd0b e-con-full e-flex e-con e-parent\" data-id=\"403dd0b\" data-element_type=\"container\">\n\t\t\t\t<div class=\"elementor-element elementor-element-15de77a elementor-widget elementor-widget-ideapark-page-header\" data-id=\"15de77a\" data-element_type=\"widget\" data-widget_type=\"ideapark-page-header.default\">\n\t\t\t\t<div class=\"elementor-widget-container\">\n\t\t\t\t<header\n\t\tclass=\"l-section c-page-header c-page-header--header-type-4 c-page-header--default c-page-header--low\"\n\t\t>\n\n\t\t\t\t\t<div class=\"c-page-header__wrap\">\n\t\t\t\t\t\t\t\t\t<h1 class=\"c-page-header__title\">POL\u00cdTICA DE PRIVACIDAD<\/h1>\n\t\t\t\t\t\t\t<\/div>\n\t\t\t\t\t\t\t<div class=\"c-page-header__spacer\"><\/div>\n\t\t\t<\/header>\n\t\t<\/div>\n\t\t\t\t<\/div>\n\t\t\t\t<\/div>\n\t\t<div class=\"elementor-element elementor-element-23edbe6 e-flex e-con-boxed e-con e-parent\" data-id=\"23edbe6\" data-element_type=\"container\">\n\t\t\t\t\t<div class=\"e-con-inner\">\n\t\t\t\t<div class=\"elementor-element elementor-element-c24401c elementor-widget elementor-widget-text-editor\" data-id=\"c24401c\" data-element_type=\"widget\" data-widget_type=\"text-editor.default\">\n\t\t\t\t<div class=\"elementor-widget-container\">\n\t\t\t\t\t\t\tAnte el acceso a nuestra p\u00e1gina web, queremos informar al Usuario de nuestra Pol\u00edtica de Privacidad actualizada y del destino ofrecido de los datos personales que nos facilita, incluyendo aquellos que recabamos por el hecho de navegar en nuestra web.\n<ol>\n \t<li><strong>IDENTIFICACI\u00d3N<\/strong><br> El sitio web <a href=\"https:\/\/lilycake.es\/en\/\" target=\"_new\" rel=\"noreferrer\">www.lilycake.es<\/a> (en adelante, el \u201cSitio Web\u201d) es propiedad de la empresa LILY CAKE BARCELONA, S.L. (en adelante, \u201cLily Cake\u201d) como sociedad espa\u00f1ola con domicilio social en la C\/ del Bruc, 34, L&#8217;Eixample, 08010 Barcelona, Espa\u00f1a, con tel\u00e9fono +34 932 466 455 y correo electr\u00f3nico <a rel=\"noreferrer\">info@lilycake.es<\/a><\/li>\n \t<li><strong>INFORMACI\u00d3N Y CONSENTIMIENTO<\/strong><br> De conformidad con lo dispuesto en el Reglamento General UE 679\/2016 de Protecci\u00f3n de Datos (en adelante, \u201cRGPD\u201d) y en la Ley Org\u00e1nica 3\/2018, de 5 de diciembre, de Protecci\u00f3n de Datos y Garant\u00eda de los Derechos Digitales (en adelante, \u201cLOPDGDD\u201d) mediante la aceptaci\u00f3n de la presente Pol\u00edtica de Privacidad el usuario web (en adelante, el \u201cUsuario\u201d) presta su consentimiento informado, expreso, libre e inequ\u00edvoco para tratar los datos personales recabados a trav\u00e9s del Sitio Web ya sea trav\u00e9s de formularios habilitados al efecto o bien a trav\u00e9s de la informaci\u00f3n recabada por las cookies.\n\nAsimismo, el Usuario consiente que estos datos sean tratados por Lily Cake para prestar sus servicios aplicando las medidas organizativas y de seguridad requeridas por el RGPD.\n\nTodos los datos personales solicitados al Usuario en el Sitio Web son obligatorios, no siendo posible prestar cada uno de los servicios sin el correspondiente tratamiento de datos por parte de Lily Cake. Ello no obstante, la navegaci\u00f3n en el Sitio Web es libre y gratuita.\n\nEl Usuario garantiza que los datos personales facilitados a Lily Cake son ciertos y exactos, por lo que Lily Cake no se har\u00e1 responsable de cualquier incidencia derivada de la inexactitud o falsedad de la informaci\u00f3n proporcionada por los Usuarios, m\u00e1s all\u00e1 de la posibilidad que tiene el Usuario de ejercitar su derecho de rectificaci\u00f3n.\n\nEn el caso que el Usuario facilite datos de terceras personas, como responsable o encargado del tratamiento, ser\u00e1 responsable de cumplir con toda la normativa de protecci\u00f3n de datos aplicable. Adem\u00e1s, el Usuario garantiza que ha obtenido todos los consentimientos, autorizaciones y\/o aprobaciones legalmente necesarias antes de incluir datos personales de terceros en el Sitio Web.<\/li>\n \t<li><strong>FINALIDAD DEL TRATAMIENTO DE DATOS PERSONALES<\/strong><br>3.1. <strong>GESTIONAR EL REGISTRO COMO USUARIO<\/strong><br> Los datos personales del Usuario, o de terceros, que sean cedidos por el Usuario, ser\u00e1n tratados de forma confidencial y quedar\u00e1n incorporados a la correspondiente actividad de tratamiento de Lily Cake. El Usuario podr\u00e1 cancelar su cuenta de usuario registrado contactando con nosotros a la direcci\u00f3n de correo electr\u00f3nico <a rel=\"noreferrer\">info@lilycake.es<\/a>\n\n<br>3.2. <strong>PARA EL DESARROLLO, CUMPLIMIENTO Y EJECUCI\u00d3N DE LA COMPRA O DEVOLUCI\u00d3N DE PRODUCTOS<\/strong><br> Lily Cake recopilar\u00e1 la informaci\u00f3n necesaria sobre el Usuario, direcci\u00f3n, tel\u00e9fono, correo electr\u00f3nico, lugares de entrega y formas de pago para completar los datos de activaci\u00f3n y desarrollo de dicha funcionalidad. El consentimiento para la activaci\u00f3n permite que aparezcan sus direcciones y datos de pago autocompletados en compras posteriores para no tener que introducirlos en cada nuevo proceso y se entender\u00e1n v\u00e1lidos y vigentes para compras posteriores. El Usuario podr\u00e1 cambiar o modificar sus datos a trav\u00e9s de la secci\u00f3n de su cuenta de cliente disponible a tal efecto en nuestro Sitio Web. El Usuario podr\u00e1 darse de baja del registro en el Sitio Web contactando con nosotros a la direcci\u00f3n de correo electr\u00f3nico <a rel=\"noreferrer\">info@lilycake.es<\/a>\n\n<br>3.3. <strong>PARA FINES DE MARKETING<\/strong><br> Lily Cake tiene a disposici\u00f3n del Usuario en el Sitio Web un formulario de suscripci\u00f3n a la newsletter con la finalidad de poder ofrecerle informaci\u00f3n acerca de novedades de producto, campa\u00f1as, festividades o publicaciones promocionales comunicadas mediante correo electr\u00f3nico. Para poder suscribirse a nuestra newsletter el Usuario deber\u00e1 previamente aceptar la presente Pol\u00edtica de Privacidad. Siempre que lo desee, el Usuario podr\u00e1 darse de baja de la suscripci\u00f3n contactando con nosotros a la direcci\u00f3n de correo electr\u00f3nico <a rel=\"noreferrer\">info@lilycake.es<\/a>\n\nLily Cake puede recopilar informaci\u00f3n de datos personales a trav\u00e9s de varios medios, incluido las realizadas en nuestra pasteler\u00eda situada en Barcelona, para llevar a cabo acciones promocionales en la misma, en nuestro Sitio Web o comunicadas a trav\u00e9s de diversos medios como redes sociales.\n\n<br>3.4. <strong>ATENDER Y RESPONDER LAS CONSULTAS SOLICITADAS POR EL USUARIO<\/strong><br> El Usuario podr\u00e1 comunicarse directamente con Lily Cake a trav\u00e9s del servicio de chat disponible en el Sitio Web donde podr\u00e1 facilitar, si lo desea, datos como el nombre o el correo electr\u00f3nico, necesarios para atender de forma personalizada las consultas solicitadas.\n\n<br>3.5. <strong>AN\u00c1LISIS DE USABILIDAD Y DE CALIDAD DE NUESTRO SITIO WEB<\/strong><br> Lily Cake puede tratar los datos de navegaci\u00f3n para fines anal\u00edticos y estad\u00edsticos para considerar la forma en la que los usuarios interact\u00faan con nuestro Sitio Web con la finalidad de obtener informaci\u00f3n sobre los productos m\u00e1s populares, carritos abandonados, usabilidad, navegaci\u00f3n del sitio Web, etc. Tambi\u00e9n en ocasiones realizamos encuestas de calidad destinadas a conocer el grado de satisfacci\u00f3n de nuestros clientes y usuarios, todo ello con la finalidad de conocer sus preferencias y mejorar la experiencia de nuestros clientes.<\/li>\n \t<li><strong>DATOS DEL USUARIO<\/strong><br> El Usuario garantiza que los datos aportados son verdaderos, exactos, completos y actualizados, siendo \u00e9ste responsable de cualquier da\u00f1o o perjuicio, directo o indirecto, que pudiera ocasionarse como consecuencia del incumplimiento de tal obligaci\u00f3n, m\u00e1s all\u00e1 de la posibilidad que tiene el Usuario de ejercitar su derecho de rectificaci\u00f3n.\n\nEn el caso de que los datos aportados pertenecieran a un tercero, el Usuario garantiza que ha informado a dicho tercero de los aspectos contenidos en este documento y obtenido su autorizaci\u00f3n para facilitar sus datos al responsable para los fines anteriormente se\u00f1alados.\n\nLily Cake no puede garantizar la absoluta invulnerabilidad de los sistemas, por tanto, no asume ninguna responsabilidad por los da\u00f1os y perjuicios derivados de alteraciones que terceros puedan causar en los sistemas inform\u00e1ticos, documentos electr\u00f3nicos o ficheros.<\/li>\n \t<li><strong>EJERCICIO DE DERECHOS<\/strong><br> De conformidad con lo dispuesto en el RGPD, le informamos que puede ejercer sus derechos de acceso, rectificaci\u00f3n, supresi\u00f3n, oposici\u00f3n, portabilidad de los datos y limitaci\u00f3n del tratamiento directamente ante Lily Cake.\n\nPara facilitar el ejercicio de dichos derechos, el Usuario podr\u00e1 acceder online al siguiente formulario de ejercicio de derechos, debiendo atenderse la solicitud en el plazo m\u00e1ximo de un (1) mes desde la recepci\u00f3n del formulario, o bien podr\u00e1 enviar un mensaje al efecto, indicando nombre, apellidos, email, n\u00famero de DNI o pasaporte, a la siguiente direcci\u00f3n de correo electr\u00f3nico: <a rel=\"noreferrer\">info@lilycake.es<\/a>\n\nEl Usuario tambi\u00e9n podr\u00e1 ejercer sus derechos mediante la presentaci\u00f3n de una reclamaci\u00f3n ante la Agencia Espa\u00f1ola de Protecci\u00f3n de Datos.<\/li>\n \t<li><strong>ACEPTACI\u00d3N DE LA POL\u00cdTICA DE PRIVACIDAD<\/strong><br> El Usuario reconoce y acepta haber le\u00eddo y comprendido la presente Pol\u00edtica de Privacidad cuyo contenido constituye la totalidad del acuerdo entre el Usuario y Lily Cake con respecto al uso y tratamiento de su informaci\u00f3n personal.\n\nEl Usuario expresamente acepta obligarse en los t\u00e9rminos de la presente Pol\u00edtica de Privacidad, en toda su extensi\u00f3n y alcance, sin exceptuar cualquiera de sus disposiciones.<\/li>\n<\/ol>\n\n\n\t\t\t\t\t\t<\/div>\n\t\t\t\t<\/div>\n\t\t\t\t\t<\/div>\n\t\t\t\t<\/div>\n\t\t\t\t<\/div>","protected":false},"excerpt":{"rendered":"<p>POL\u00cdTICA DE PRIVACIDAD&hellip;<\/p>","protected":false},"author":1,"featured_media":0,"parent":0,"menu_order":0,"comment_status":"closed","ping_status":"closed","template":"elementor_header_footer","meta":{"footnotes":""},"class_list":["post-3282","page","type-page","status-publish","hentry"],"yoast_head":"<!-- This site is optimized with the Yoast SEO plugin v24.0 - https:\/\/yoast.com\/wordpress\/plugins\/seo\/ -->\n<title>POL\u00cdTICA DE PRIVACIDAD - lilycake.es<\/title>\n<meta name=\"robots\" content=\"index, follow, max-snippet:-1, max-image-preview:large, max-video-preview:-1\" \/>\n<link rel=\"canonical\" href=\"https:\/\/lilycake.es\/en\/privacy-policy\/\" \/>\n<meta property=\"og:locale\" content=\"en_US\" \/>\n<meta property=\"og:type\" content=\"article\" \/>\n<meta property=\"og:title\" content=\"POL\u00cdTICA DE PRIVACIDAD - lilycake.es\" \/>\n<meta property=\"og:description\" content=\"POL\u00cdTICA DE PRIVACIDAD&hellip;\" \/>\n<meta property=\"og:url\" content=\"https:\/\/lilycake.es\/en\/privacy-policy\/\" \/>\n<meta property=\"og:site_name\" content=\"lilycake.es\" \/>\n<meta property=\"article:modified_time\" content=\"2024-06-06T09:24:28+00:00\" \/>\n<meta name=\"twitter:card\" content=\"summary_large_image\" \/>\n<meta name=\"twitter:label1\" content=\"Est. reading time\" \/>\n\t<meta name=\"twitter:data1\" content=\"6 minutes\" \/>\n<script type=\"application\/ld+json\" class=\"yoast-schema-graph\">{\"@context\":\"https:\/\/schema.org\",\"@graph\":[{\"@type\":\"WebPage\",\"@id\":\"https:\/\/lilycake.es\/politica-de-privacidad\/\",\"url\":\"https:\/\/lilycake.es\/politica-de-privacidad\/\",\"name\":\"POL\u00cdTICA DE PRIVACIDAD - lilycake.es\",\"isPartOf\":{\"@id\":\"https:\/\/lilycake.es\/zh\/#website\"},\"datePublished\":\"2024-06-06T09:21:10+00:00\",\"dateModified\":\"2024-06-06T09:24:28+00:00\",\"breadcrumb\":{\"@id\":\"https:\/\/lilycake.es\/politica-de-privacidad\/#breadcrumb\"},\"inLanguage\":\"en-US\",\"potentialAction\":[{\"@type\":\"ReadAction\",\"target\":[\"https:\/\/lilycake.es\/politica-de-privacidad\/\"]}]},{\"@type\":\"BreadcrumbList\",\"@id\":\"https:\/\/lilycake.es\/politica-de-privacidad\/#breadcrumb\",\"itemListElement\":[{\"@type\":\"ListItem\",\"position\":1,\"name\":\"\u9996\u9875\",\"item\":\"https:\/\/lilycake.es\/\"},{\"@type\":\"ListItem\",\"position\":2,\"name\":\"POL\u00cdTICA DE PRIVACIDAD\"}]},{\"@type\":\"WebSite\",\"@id\":\"https:\/\/lilycake.es\/zh\/#website\",\"url\":\"https:\/\/lilycake.es\/zh\/\",\"name\":\"lilycake.es\",\"description\":\"\",\"potentialAction\":[{\"@type\":\"SearchAction\",\"target\":{\"@type\":\"EntryPoint\",\"urlTemplate\":\"https:\/\/lilycake.es\/zh\/?s={search_term_string}\"},\"query-input\":{\"@type\":\"PropertyValueSpecification\",\"valueRequired\":true,\"valueName\":\"search_term_string\"}}],\"inLanguage\":\"en-US\"}]}<\/script>\n<!-- \/ Yoast SEO plugin. -->","yoast_head_json":{"title":"POL\u00cdTICA DE PRIVACIDAD - lilycake.es","robots":{"index":"index","follow":"follow","max-snippet":"max-snippet:-1","max-image-preview":"max-image-preview:large","max-video-preview":"max-video-preview:-1"},"canonical":"https:\/\/lilycake.es\/en\/privacy-policy\/","og_locale":"en_US","og_type":"article","og_title":"POL\u00cdTICA DE PRIVACIDAD - lilycake.es","og_description":"POL\u00cdTICA DE PRIVACIDAD&hellip;","og_url":"https:\/\/lilycake.es\/en\/privacy-policy\/","og_site_name":"lilycake.es","article_modified_time":"2024-06-06T09:24:28+00:00","twitter_card":"summary_large_image","twitter_misc":{"Est. reading time":"6 minutes"},"schema":{"@context":"https:\/\/schema.org","@graph":[{"@type":"WebPage","@id":"https:\/\/lilycake.es\/politica-de-privacidad\/","url":"https:\/\/lilycake.es\/politica-de-privacidad\/","name":"POL\u00cdTICA DE PRIVACIDAD - lilycake.es","isPartOf":{"@id":"https:\/\/lilycake.es\/zh\/#website"},"datePublished":"2024-06-06T09:21:10+00:00","dateModified":"2024-06-06T09:24:28+00:00","breadcrumb":{"@id":"https:\/\/lilycake.es\/politica-de-privacidad\/#breadcrumb"},"inLanguage":"en-US","potentialAction":[{"@type":"ReadAction","target":["https:\/\/lilycake.es\/politica-de-privacidad\/"]}]},{"@type":"BreadcrumbList","@id":"https:\/\/lilycake.es\/politica-de-privacidad\/#breadcrumb","itemListElement":[{"@type":"ListItem","position":1,"name":"\u9996\u9875","item":"https:\/\/lilycake.es\/"},{"@type":"ListItem","position":2,"name":"POL\u00cdTICA DE PRIVACIDAD"}]},{"@type":"WebSite","@id":"https:\/\/lilycake.es\/zh\/#website","url":"https:\/\/lilycake.es\/zh\/","name":"lilycake.es","description":"","potentialAction":[{"@type":"SearchAction","target":{"@type":"EntryPoint","urlTemplate":"https:\/\/lilycake.es\/zh\/?s={search_term_string}"},"query-input":{"@type":"PropertyValueSpecification","valueRequired":true,"valueName":"search_term_string"}}],"inLanguage":"en-US"}]}},"jetpack_sharing_enabled":true,"_links":{"self":[{"href":"https:\/\/lilycake.es\/en\/wp-json\/wp\/v2\/pages\/3282","targetHints":{"allow":["GET"]}}],"collection":[{"href":"https:\/\/lilycake.es\/en\/wp-json\/wp\/v2\/pages"}],"about":[{"href":"https:\/\/lilycake.es\/en\/wp-json\/wp\/v2\/types\/page"}],"author":[{"embeddable":true,"href":"https:\/\/lilycake.es\/en\/wp-json\/wp\/v2\/users\/1"}],"replies":[{"embeddable":true,"href":"https:\/\/lilycake.es\/en\/wp-json\/wp\/v2\/comments?post=3282"}],"version-history":[{"count":4,"href":"https:\/\/lilycake.es\/en\/wp-json\/wp\/v2\/pages\/3282\/revisions"}],"predecessor-version":[{"id":3286,"href":"https:\/\/lilycake.es\/en\/wp-json\/wp\/v2\/pages\/3282\/revisions\/3286"}],"wp:attachment":[{"href":"https:\/\/lilycake.es\/en\/wp-json\/wp\/v2\/media?parent=3282"}],"curies":[{"name":"wp","href":"https:\/\/api.w.org\/{rel}","templated":true}]}}